{"id":102,"date":"2016-07-27T00:07:06","date_gmt":"2016-07-27T00:07:06","guid":{"rendered":"https:\/\/proparte.com.br\/?page_id=102"},"modified":"2016-07-30T13:40:38","modified_gmt":"2016-07-30T13:40:38","slug":"e-mail-marketing","status":"publish","type":"page","link":"https:\/\/proparte.com.br\/index.php\/e-mail-marketing\/","title":{"rendered":"e-mail Marketing"},"content":{"rendered":"<div class=\"row\">\n\t<div class=\"wpb_content_element span12 wpb_text_column\">\n\t\t<div class=\"wpb_wrapper clearfix\">\n\t\t\t\n<p style=\"text-align: center;\"><strong>Criar campanhas personalizadas e falar diretamente com que \u00e9 interessante para o seu p\u00fablico consumidor!<\/strong><\/p>\n<p style=\"text-align: center;\">&#8211; Composi\u00e7\u00e3o do mailing list (lista de e-mails);<br \/>\n&#8211; Cria\u00e7\u00e3o de an\u00fancios e campanhas personalizadas;<br \/>\n&#8211; Comunica\u00e7\u00e3o atrativa e de resultado;<br \/>\n&#8211; Envio programado dos e-mails nas datas previamente determinadas.<\/p>\n<p style=\"text-align: center;\"><strong>O E-mail Marketing permite a divulga\u00e7\u00e3o e relacionamento com seus clientes e total controle sobre os resultados.<\/strong><\/p>\n<p>&nbsp;<\/p>\n<p>&nbsp;<\/p>\n\n\t\t<\/div> \n\t<\/div> <\/div>\n <div class=\"row\">\n\t<div class=\"wpb_content_element wpb_single_image noframe span3\">\n\t\t<div class=\"wpb_wrapper\"><figure class=\"clearfix\">\n\t\t\t<img loading=\"lazy\" decoding=\"async\" width=\"550\" height=\"319\" src=\"https:\/\/proparte.com.br\/wp-content\/uploads\/2016\/07\/emailmarketing.png\" class=\"attachment-full size-full\" alt=\"\" srcset=\"https:\/\/proparte.com.br\/wp-content\/uploads\/2016\/07\/emailmarketing.png 550w, https:\/\/proparte.com.br\/wp-content\/uploads\/2016\/07\/emailmarketing-300x174.png 300w\" sizes=\"auto, (max-width: 550px) 100vw, 550px\" title=\"emailmarketing\" \/><\/figure>\n\t\t<\/div> \n\t<\/div>  \n\t<div class=\"wpb_content_element span9 wpb_text_column\">\n\t\t<div class=\"wpb_wrapper clearfix\">\n\t\t\t\n<p style=\"text-align: center;\">A IMPORT\u00c2NCIA DO E-MAIL MARKETING:<\/p>\n<p style=\"text-align: center;\">&#8211; <strong>Interatividade:<\/strong> O usu\u00e1rio se informa rapidamente sobre as principais<br \/>\na\u00e7\u00f5es contidas em um e-mail bem estruturado, e a partir de um simples<br \/>\nclique inicia um relacionamento com a empresa.<\/p>\n<p style=\"text-align: center;\">&#8211; <strong>Segmenta\u00e7\u00e3o:<\/strong> A partir do estudo do p\u00fablico-alvo \u00e9 poss\u00edvel criar uma<br \/>\ncampanha que instigar\u00e1 o usu\u00e1rio a conhecer a empresa.<\/p>\n<p style=\"text-align: center;\">&#8211; <strong>Lucratividade:<\/strong> E-mail marketing \u00e9 respons\u00e1vel por um dos maiores<br \/>\n\u00edndices de retorno em campanhas. Ou seja, aumenta as vendas.<\/p>\n<p style=\"text-align: center;\"><strong>&#8211; Manter seu Cliente ativo:<\/strong> O envio regular de comunica\u00e7\u00e3o atrav\u00e9s do<br \/>\ne-mail marketing, \u00e9 uma importante ferramenta para a manuten\u00e7\u00e3o do<br \/>\nrelacionamento \u201cCliente e Empresa\u201d.<\/p>\n<p style=\"text-align: center;\"><strong>&#8211; Resgatar Clientes inativos:<\/strong> Resgatar clientes que est\u00e3o inativos enviando<br \/>\nan\u00fancios com mensagens espec\u00edficas. Aumente a influ\u00eancia da sua<br \/>\nempresa utilizando esse canal direto de comunica\u00e7\u00e3o.<\/p>\n<p style=\"text-align: center;\"><strong>&#8211; Conquistar Novos clientes:<\/strong> Com uma comunica\u00e7\u00e3o atraente e dirigida<br \/>\nao seu p\u00fablico-alvo, o e-mail marketing representa uma \u00f3tima op\u00e7\u00e3o<br \/>\npara a prospec\u00e7\u00e3o de novos clientes.<\/p>\n\n\t\t<\/div> \n\t<\/div> <\/div>\n <div class=\"row\">\n\t<div class=\"wpb_showcase_widget wpb_content_element span12 roda1\">\n\t\t<div class=\"wpb_wrapper showcase-wrap\">\n\t\t\t\t\n\t\t\t<!-- START roda1 REVOLUTION SLIDER 6.7.39 --><p class=\"rs-p-wp-fix\"><\/p>\n\t\t\t<rs-module-wrap id=\"footer_wrapper\" data-source=\"gallery\" style=\"visibility:hidden;background:#222222;padding:0;margin:0px auto;margin-top:0;margin-bottom:0;\">\n\t\t\t\t<rs-module id=\"footer\" style=\"\" data-version=\"6.7.39\">\n\t\t\t\t\t<rs-slides style=\"overflow: hidden; position: absolute;\">\n\t\t\t\t\t\t<rs-slide style=\"position: absolute;\" data-key=\"rs-9\" data-title=\"Footer\" data-anim=\"adpr:false;\">\n\t\t\t\t\t\t\t<img decoding=\"async\" src=\"\/\/proparte.com.br\/wp-content\/plugins\/revslider\/sr6\/assets\/assets\/dummy.png\" alt=\"Footer\" title=\"e-mail Marketing\" class=\"rev-slidebg tp-rs-img rs-lazyload\" data-lazyload=\"\/\/proparte.com.br\/wp-content\/plugins\/revslider\/sr6\/assets\/assets\/transparent.png\" data-bg=\"c:#222222;\" data-parallax=\"off\" data-no-retina>\n<!--\n\t\t\t\t\t\t\t--><rs-layer\n\t\t\t\t\t\t\t\tid=\"slider-4-slide-9-layer-23\" \n\t\t\t\t\t\t\t\tclass=\"FullSiteBlock-SubTitle rs-pxl-2\"\n\t\t\t\t\t\t\t\tdata-type=\"text\"\n\t\t\t\t\t\t\t\tdata-color=\"rgba(255, 255, 255, 0.2)\"\n\t\t\t\t\t\t\t\tdata-rsp_ch=\"on\"\n\t\t\t\t\t\t\t\tdata-xy=\"x:c;xo:243px,0,0,0;yo:524px,470px,940px,920px;\"\n\t\t\t\t\t\t\t\tdata-text=\"w:nowrap,nowrap,nowrap,normal;s:16,16,14,14;l:24;\"\n\t\t\t\t\t\t\t\tdata-dim=\"w:860px,730px,400px,320px;\"\n\t\t\t\t\t\t\t\tdata-frame_0=\"y:20px;tp:600;\"\n\t\t\t\t\t\t\t\tdata-frame_1=\"tp:600;e:power4.out;st:1000;sp:1500;sR:1000;\"\n\t\t\t\t\t\t\t\tdata-frame_999=\"y:10px;o:0;tp:600;e:power4.out;st:w;sp:500;sR:6500;\"\n\t\t\t\t\t\t\t\tstyle=\"z-index:5;font-family:'Lato';\"\n\t\t\t\t\t\t\t>Proparte  2017        Marketing, Web, Cria\u00e7\u00e3o&Design \n\t\t\t\t\t\t\t<\/rs-layer><!--\n\n\t\t\t\t\t\t\t--><rs-layer\n\t\t\t\t\t\t\t\tid=\"slider-4-slide-9-layer-19\" \n\t\t\t\t\t\t\t\tclass=\"FullSiteBlock-SubTitle rs-pxl-2\"\n\t\t\t\t\t\t\t\tdata-type=\"text\"\n\t\t\t\t\t\t\t\tdata-color=\"#449eff||rgba(255, 255, 255, 1)||rgba(255, 255, 255, 1)||rgba(255, 255, 255, 1)\"\n\t\t\t\t\t\t\t\tdata-rsp_ch=\"on\"\n\t\t\t\t\t\t\t\tdata-xy=\"x:c;xo:-300px,-250px,0,0;yo:120px,120px,70px,60px;\"\n\t\t\t\t\t\t\t\tdata-text=\"w:normal;s:20,20,25,25;l:30;fw:700;\"\n\t\t\t\t\t\t\t\tdata-dim=\"w:260px,230px,400px,320px;\"\n\t\t\t\t\t\t\t\tdata-frame_0=\"y:20px;tp:600;\"\n\t\t\t\t\t\t\t\tdata-frame_1=\"tp:600;e:power4.out;st:850;sp:1500;sR:850;\"\n\t\t\t\t\t\t\t\tdata-frame_999=\"y:10px;o:0;tp:600;e:power4.out;st:w;sp:500;sR:6650;\"\n\t\t\t\t\t\t\t\tstyle=\"z-index:6;font-family:'Lato';\"\n\t\t\t\t\t\t\t>Design \n\t\t\t\t\t\t\t<\/rs-layer><!--\n\n\t\t\t\t\t\t\t--><a\n\t\t\t\t\t\t\t\tid=\"slider-4-slide-9-layer-15\" \n\t\t\t\t\t\t\t\tclass=\"rs-layer ParallaxWebsite-FooterItem rs-pxl-3\"\n\t\t\t\t\t\t\t\thref=\"https:\/\/proparte.com.br\/index.php\/criacaodesign\/\" target=\"_blank\" rel=\"noopener\"\n\t\t\t\t\t\t\t\tdata-type=\"text\"\n\t\t\t\t\t\t\t\tdata-color=\"rgba(255, 255, 255, 0.5)\"\n\t\t\t\t\t\t\t\tdata-rsp_ch=\"on\"\n\t\t\t\t\t\t\t\tdata-xy=\"x:c;xo:-300px,-250px,0,0;yo:173px,173px,123px,115px;\"\n\t\t\t\t\t\t\t\tdata-text=\"w:normal;s:16,16,18,18;l:24;\"\n\t\t\t\t\t\t\t\tdata-dim=\"w:260px,230px,400px,320px;\"\n\t\t\t\t\t\t\t\tdata-frame_0=\"y:30px;tp:600;\"\n\t\t\t\t\t\t\t\tdata-frame_1=\"tp:600;e:power4.out;st:950;sp:1500;sR:950;\"\n\t\t\t\t\t\t\t\tdata-frame_999=\"y:10px;o:0;tp:600;e:power4.out;st:w;sp:500;sR:6550;\"\n\t\t\t\t\t\t\t\tdata-frame_hover=\"c:#fff;oX:50;oY:50;sp:150;e:power1.inOut;\"\n\t\t\t\t\t\t\t\tstyle=\"z-index:7;font-family:'Lato';cursor:pointer;\"\n\t\t\t\t\t\t\t>Cria\u00e7\u00e3o&Design \n\t\t\t\t\t\t\t<\/a><!--\n\n\t\t\t\t\t\t\t--><a\n\t\t\t\t\t\t\t\tid=\"slider-4-slide-9-layer-25\" \n\t\t\t\t\t\t\t\tclass=\"rs-layer ParallaxWebsite-FooterItem rs-pxl-3\"\n\t\t\t\t\t\t\t\thref=\"https:\/\/proparte.com.br\/index.php\/comunicacao-visual\/\" target=\"_blank\" rel=\"noopener\"\n\t\t\t\t\t\t\t\tdata-type=\"text\"\n\t\t\t\t\t\t\t\tdata-color=\"rgba(255, 255, 255, 0.5)\"\n\t\t\t\t\t\t\t\tdata-rsp_ch=\"on\"\n\t\t\t\t\t\t\t\tdata-xy=\"x:c;xo:-300px,-250px,0,0;yo:203px,203px,153px,145px;\"\n\t\t\t\t\t\t\t\tdata-text=\"w:normal;s:16,16,18,18;l:24;\"\n\t\t\t\t\t\t\t\tdata-dim=\"w:260px,230px,400px,320px;\"\n\t\t\t\t\t\t\t\tdata-frame_0=\"y:30px;tp:600;\"\n\t\t\t\t\t\t\t\tdata-frame_1=\"tp:600;e:power4.out;st:1050;sp:1500;sR:1050;\"\n\t\t\t\t\t\t\t\tdata-frame_999=\"y:10px;o:0;tp:600;e:power4.out;st:w;sp:500;sR:6450;\"\n\t\t\t\t\t\t\t\tdata-frame_hover=\"c:#fff;oX:50;oY:50;sp:150;e:power1.inOut;\"\n\t\t\t\t\t\t\t\tstyle=\"z-index:8;font-family:'Lato';cursor:pointer;\"\n\t\t\t\t\t\t\t>Comunica\u00e7\u00e3o Visual\n \n\t\t\t\t\t\t\t<\/a><!--\n\n\t\t\t\t\t\t\t--><a\n\t\t\t\t\t\t\t\tid=\"slider-4-slide-9-layer-26\" \n\t\t\t\t\t\t\t\tclass=\"rs-layer ParallaxWebsite-FooterItem rs-pxl-3\"\n\t\t\t\t\t\t\t\thref=\"https:\/\/proparte.com.br\/index.php\/pdv\/\" target=\"_blank\" rel=\"noopener\"\n\t\t\t\t\t\t\t\tdata-type=\"text\"\n\t\t\t\t\t\t\t\tdata-color=\"rgba(255, 255, 255, 0.5)\"\n\t\t\t\t\t\t\t\tdata-rsp_ch=\"on\"\n\t\t\t\t\t\t\t\tdata-xy=\"x:c;xo:-300px,-250px,0,0;yo:233px,233px,183px,175px;\"\n\t\t\t\t\t\t\t\tdata-text=\"w:normal;s:16,16,18,18;l:24;\"\n\t\t\t\t\t\t\t\tdata-dim=\"w:260px,230px,400px,320px;\"\n\t\t\t\t\t\t\t\tdata-frame_0=\"y:30px;tp:600;\"\n\t\t\t\t\t\t\t\tdata-frame_1=\"tp:600;e:power4.out;st:1150;sp:1500;sR:1150;\"\n\t\t\t\t\t\t\t\tdata-frame_999=\"y:10px;o:0;tp:600;e:power4.out;st:w;sp:500;sR:6350;\"\n\t\t\t\t\t\t\t\tdata-frame_hover=\"c:#fff;oX:50;oY:50;sp:150;e:power1.inOut;\"\n\t\t\t\t\t\t\t\tstyle=\"z-index:9;font-family:'Lato';cursor:pointer;\"\n\t\t\t\t\t\t\t>PDV\n \n\t\t\t\t\t\t\t<\/a><!--\n\n\t\t\t\t\t\t\t--><a\n\t\t\t\t\t\t\t\tid=\"slider-4-slide-9-layer-27\" \n\t\t\t\t\t\t\t\tclass=\"rs-layer ParallaxWebsite-FooterItem rs-pxl-3\"\n\t\t\t\t\t\t\t\thref=\"https:\/\/proparte.com.br\/index.php\/impressos-graficos\/\" target=\"_blank\" rel=\"noopener\"\n\t\t\t\t\t\t\t\tdata-type=\"text\"\n\t\t\t\t\t\t\t\tdata-color=\"rgba(255, 255, 255, 0.5)\"\n\t\t\t\t\t\t\t\tdata-rsp_ch=\"on\"\n\t\t\t\t\t\t\t\tdata-xy=\"x:c;xo:-300px,-250px,0,0;yo:263px,263px,213px,205px;\"\n\t\t\t\t\t\t\t\tdata-text=\"w:normal;s:16,16,18,18;l:24;\"\n\t\t\t\t\t\t\t\tdata-dim=\"w:260px,230px,400px,320px;\"\n\t\t\t\t\t\t\t\tdata-frame_0=\"y:30px;tp:600;\"\n\t\t\t\t\t\t\t\tdata-frame_1=\"tp:600;e:power4.out;st:1250;sp:1500;sR:1250;\"\n\t\t\t\t\t\t\t\tdata-frame_999=\"y:10px;o:0;tp:600;e:power4.out;st:w;sp:500;sR:6250;\"\n\t\t\t\t\t\t\t\tdata-frame_hover=\"c:#fff;oX:50;oY:50;sp:150;e:power1.inOut;\"\n\t\t\t\t\t\t\t\tstyle=\"z-index:10;font-family:'Lato';cursor:pointer;\"\n\t\t\t\t\t\t\t>Impressos Gr\u00e1ficos \n\t\t\t\t\t\t\t<\/a><!--\n\n\t\t\t\t\t\t\t--><a\n\t\t\t\t\t\t\t\tid=\"slider-4-slide-9-layer-28\" \n\t\t\t\t\t\t\t\tclass=\"rs-layer ParallaxWebsite-FooterItem rs-pxl-3\"\n\t\t\t\t\t\t\t\thref=\"https:\/\/proparte.com.br\/index.php\/plotagem\/\" target=\"_blank\" rel=\"noopener\"\n\t\t\t\t\t\t\t\tdata-type=\"text\"\n\t\t\t\t\t\t\t\tdata-color=\"rgba(255, 255, 255, 0.5)\"\n\t\t\t\t\t\t\t\tdata-rsp_ch=\"on\"\n\t\t\t\t\t\t\t\tdata-xy=\"x:c;xo:-300px,-250px,0,0;yo:293px,293px,243px,235px;\"\n\t\t\t\t\t\t\t\tdata-text=\"w:normal;s:16,16,18,18;l:24;\"\n\t\t\t\t\t\t\t\tdata-dim=\"w:260px,230px,400px,320px;\"\n\t\t\t\t\t\t\t\tdata-frame_0=\"y:30px;tp:600;\"\n\t\t\t\t\t\t\t\tdata-frame_1=\"tp:600;e:power4.out;st:1350;sp:1500;sR:1350;\"\n\t\t\t\t\t\t\t\tdata-frame_999=\"y:10px;o:0;tp:600;e:power4.out;st:w;sp:500;sR:6150;\"\n\t\t\t\t\t\t\t\tdata-frame_hover=\"c:#fff;oX:50;oY:50;sp:150;e:power1.inOut;\"\n\t\t\t\t\t\t\t\tstyle=\"z-index:11;font-family:'Lato';cursor:pointer;\"\n\t\t\t\t\t\t\t>Plotagem \n\t\t\t\t\t\t\t<\/a><!--\n\n\t\t\t\t\t\t\t--><rs-layer\n\t\t\t\t\t\t\t\tid=\"slider-4-slide-9-layer-21\" \n\t\t\t\t\t\t\t\tclass=\"FullSiteBlock-SubTitle rs-pxl-2\"\n\t\t\t\t\t\t\t\tdata-type=\"text\"\n\t\t\t\t\t\t\t\tdata-color=\"#ffcc00||rgba(255, 255, 255, 1)||rgba(255, 255, 255, 1)||rgba(255, 255, 255, 1)\"\n\t\t\t\t\t\t\t\tdata-rsp_ch=\"on\"\n\t\t\t\t\t\t\t\tdata-xy=\"x:c;yo:120px,120px,299px,292px;\"\n\t\t\t\t\t\t\t\tdata-text=\"w:normal,normal,normal,nowrap;s:20,20,25,25;l:30;fw:700;\"\n\t\t\t\t\t\t\t\tdata-dim=\"w:260px,230px,400px,320px;\"\n\t\t\t\t\t\t\t\tdata-frame_0=\"y:20px;tp:600;\"\n\t\t\t\t\t\t\t\tdata-frame_1=\"tp:600;e:power4.out;st:950;sp:1500;sR:950;\"\n\t\t\t\t\t\t\t\tdata-frame_999=\"y:10px;o:0;tp:600;e:power4.out;st:w;sp:500;sR:6550;\"\n\t\t\t\t\t\t\t\tstyle=\"z-index:12;font-family:'Lato';\"\n\t\t\t\t\t\t\t>Marketing \n\t\t\t\t\t\t\t<\/rs-layer><!--\n\n\t\t\t\t\t\t\t--><a\n\t\t\t\t\t\t\t\tid=\"slider-4-slide-9-layer-29\" \n\t\t\t\t\t\t\t\tclass=\"rs-layer ParallaxWebsite-FooterItem rs-pxl-3\"\n\t\t\t\t\t\t\t\thref=\"https:\/\/proparte.com.br\/index.php\/construcao-de-marcas\/\" target=\"_blank\" rel=\"noopener\"\n\t\t\t\t\t\t\t\tdata-type=\"text\"\n\t\t\t\t\t\t\t\tdata-color=\"rgba(255, 255, 255, 0.5)\"\n\t\t\t\t\t\t\t\tdata-rsp_ch=\"on\"\n\t\t\t\t\t\t\t\tdata-xy=\"x:c;yo:173px,173px,352px,347px;\"\n\t\t\t\t\t\t\t\tdata-text=\"w:normal,normal,normal,nowrap;s:16,16,18,18;l:24;\"\n\t\t\t\t\t\t\t\tdata-dim=\"w:260px,230px,400px,320px;\"\n\t\t\t\t\t\t\t\tdata-frame_0=\"y:30px;tp:600;\"\n\t\t\t\t\t\t\t\tdata-frame_1=\"tp:600;e:power4.out;st:1050;sp:1500;sR:1050;\"\n\t\t\t\t\t\t\t\tdata-frame_999=\"y:10px;o:0;tp:600;e:power4.out;st:w;sp:500;sR:6450;\"\n\t\t\t\t\t\t\t\tdata-frame_hover=\"c:#fff;oX:50;oY:50;sp:150;e:power1.inOut;\"\n\t\t\t\t\t\t\t\tstyle=\"z-index:13;font-family:'Lato';cursor:pointer;\"\n\t\t\t\t\t\t\t>Constru\u00e7\u00e3o de Marcas \n\t\t\t\t\t\t\t<\/a><!--\n\n\t\t\t\t\t\t\t--><a\n\t\t\t\t\t\t\t\tid=\"slider-4-slide-9-layer-32\" \n\t\t\t\t\t\t\t\tclass=\"rs-layer ParallaxWebsite-FooterItem rs-pxl-3\"\n\t\t\t\t\t\t\t\thref=\"https:\/\/www.themepunch.com\/products\/\" target=\"_blank\" rel=\"noopener\"\n\t\t\t\t\t\t\t\tdata-type=\"text\"\n\t\t\t\t\t\t\t\tdata-color=\"rgba(255, 255, 255, 0.5)\"\n\t\t\t\t\t\t\t\tdata-rsp_ch=\"on\"\n\t\t\t\t\t\t\t\tdata-xy=\"x:c;yo:263px,263px,442px,437px;\"\n\t\t\t\t\t\t\t\tdata-text=\"w:normal,normal,normal,nowrap;s:16,16,18,18;l:24;\"\n\t\t\t\t\t\t\t\tdata-dim=\"w:260px,230px,400px,320px;\"\n\t\t\t\t\t\t\t\tdata-frame_0=\"y:30px;tp:600;\"\n\t\t\t\t\t\t\t\tdata-frame_1=\"tp:600;e:power4.out;st:1350;sp:1500;sR:1350;\"\n\t\t\t\t\t\t\t\tdata-frame_999=\"y:10px;o:0;tp:600;e:power4.out;st:w;sp:500;sR:6150;\"\n\t\t\t\t\t\t\t\tdata-frame_hover=\"c:#fff;oX:50;oY:50;sp:150;e:power1.inOut;\"\n\t\t\t\t\t\t\t\tstyle=\"z-index:14;font-family:'Lato';cursor:pointer;\"\n\t\t\t\t\t\t\t> \n\t\t\t\t\t\t\t<\/a><!--\n\n\t\t\t\t\t\t\t--><a\n\t\t\t\t\t\t\t\tid=\"slider-4-slide-9-layer-33\" \n\t\t\t\t\t\t\t\tclass=\"rs-layer ParallaxWebsite-FooterItem rs-pxl-3\"\n\t\t\t\t\t\t\t\thref=\"https:\/\/proparte.com.br\/index.php\/conceito\/\" target=\"_blank\" rel=\"noopener\"\n\t\t\t\t\t\t\t\tdata-type=\"text\"\n\t\t\t\t\t\t\t\tdata-color=\"rgba(255, 255, 255, 0.5)\"\n\t\t\t\t\t\t\t\tdata-rsp_ch=\"on\"\n\t\t\t\t\t\t\t\tdata-xy=\"x:c;xo:1px,0,0,0;yo:202px,293px,472px,467px;\"\n\t\t\t\t\t\t\t\tdata-text=\"w:normal,normal,normal,nowrap;s:16,16,18,18;l:24;\"\n\t\t\t\t\t\t\t\tdata-dim=\"w:260px,230px,400px,320px;\"\n\t\t\t\t\t\t\t\tdata-frame_0=\"y:30px;tp:600;\"\n\t\t\t\t\t\t\t\tdata-frame_1=\"tp:600;e:power4.out;st:1450;sp:1500;sR:1450;\"\n\t\t\t\t\t\t\t\tdata-frame_999=\"y:10px;o:0;tp:600;e:power4.out;st:w;sp:500;sR:6050;\"\n\t\t\t\t\t\t\t\tdata-frame_hover=\"c:#fff;oX:50;oY:50;sp:150;e:power1.inOut;\"\n\t\t\t\t\t\t\t\tstyle=\"z-index:15;font-family:'Lato';cursor:pointer;\"\n\t\t\t\t\t\t\t>Conceito\n \n\t\t\t\t\t\t\t<\/a><!--\n\n\t\t\t\t\t\t\t--><rs-layer\n\t\t\t\t\t\t\t\tid=\"slider-4-slide-9-layer-215\" \n\t\t\t\t\t\t\t\tclass=\"FullSiteBlock-SubTitle rs-pxl-2\"\n\t\t\t\t\t\t\t\tdata-type=\"text\"\n\t\t\t\t\t\t\t\tdata-color=\"#a6ce39||rgba(255, 255, 255, 1)||rgba(255, 255, 255, 1)||rgba(255, 255, 255, 1)\"\n\t\t\t\t\t\t\t\tdata-rsp_ch=\"on\"\n\t\t\t\t\t\t\t\tdata-xy=\"x:c;xo:299px,250px,0,0;yo:121px,120px,558px,554px;\"\n\t\t\t\t\t\t\t\tdata-text=\"w:normal,normal,normal,nowrap;s:20,20,25,25;l:30;fw:700;\"\n\t\t\t\t\t\t\t\tdata-dim=\"w:260px,230px,400px,320px;\"\n\t\t\t\t\t\t\t\tdata-frame_0=\"y:20px;tp:600;\"\n\t\t\t\t\t\t\t\tdata-frame_1=\"tp:600;e:power4.out;st:1050;sp:1500;sR:1050;\"\n\t\t\t\t\t\t\t\tdata-frame_999=\"y:10px;o:0;tp:600;e:power4.out;st:w;sp:500;sR:6450;\"\n\t\t\t\t\t\t\t\tstyle=\"z-index:16;font-family:'Lato';\"\n\t\t\t\t\t\t\t>Web \n\t\t\t\t\t\t\t<\/rs-layer><!--\n\n\t\t\t\t\t\t\t--><a\n\t\t\t\t\t\t\t\tid=\"slider-4-slide-9-layer-35\" \n\t\t\t\t\t\t\t\tclass=\"rs-layer ParallaxWebsite-FooterItem rs-pxl-3\"\n\t\t\t\t\t\t\t\thref=\"https:\/\/proparte.com.br\/index.php\/web-design\/\" target=\"_blank\" rel=\"noopener\"\n\t\t\t\t\t\t\t\tdata-type=\"text\"\n\t\t\t\t\t\t\t\tdata-color=\"rgba(255, 255, 255, 0.5)\"\n\t\t\t\t\t\t\t\tdata-rsp_ch=\"on\"\n\t\t\t\t\t\t\t\tdata-xy=\"x:c;xo:300px,250px,0,0;yo:173px,173px,611px,609px;\"\n\t\t\t\t\t\t\t\tdata-text=\"w:normal,normal,normal,nowrap;s:16,16,18,18;l:24;\"\n\t\t\t\t\t\t\t\tdata-dim=\"w:260px,230px,400px,320px;\"\n\t\t\t\t\t\t\t\tdata-frame_0=\"y:30px;tp:600;\"\n\t\t\t\t\t\t\t\tdata-frame_1=\"tp:600;e:power4.out;st:1150;sp:1500;sR:1150;\"\n\t\t\t\t\t\t\t\tdata-frame_999=\"y:10px;o:0;tp:600;e:power4.out;st:w;sp:500;sR:6350;\"\n\t\t\t\t\t\t\t\tdata-frame_hover=\"c:#fff;oX:50;oY:50;sp:150;e:power1.inOut;\"\n\t\t\t\t\t\t\t\tstyle=\"z-index:17;font-family:'Lato';cursor:pointer;\"\n\t\t\t\t\t\t\t>Web Design\n \n\t\t\t\t\t\t\t<\/a><!--\n\n\t\t\t\t\t\t\t--><a\n\t\t\t\t\t\t\t\tid=\"slider-4-slide-9-layer-36\" \n\t\t\t\t\t\t\t\tclass=\"rs-layer ParallaxWebsite-FooterItem rs-pxl-3\"\n\t\t\t\t\t\t\t\thref=\"https:\/\/proparte.com.br\/index.php\/hospedagem\/\" target=\"_blank\" rel=\"noopener\"\n\t\t\t\t\t\t\t\tdata-type=\"text\"\n\t\t\t\t\t\t\t\tdata-color=\"rgba(255, 255, 255, 0.5)\"\n\t\t\t\t\t\t\t\tdata-rsp_ch=\"on\"\n\t\t\t\t\t\t\t\tdata-xy=\"x:c;xo:300px,250px,0,0;yo:203px,203px,641px,639px;\"\n\t\t\t\t\t\t\t\tdata-text=\"w:normal,normal,normal,nowrap;s:16,16,18,18;l:24;\"\n\t\t\t\t\t\t\t\tdata-dim=\"w:260px,230px,400px,320px;\"\n\t\t\t\t\t\t\t\tdata-frame_0=\"y:30px;tp:600;\"\n\t\t\t\t\t\t\t\tdata-frame_1=\"tp:600;e:power4.out;st:1250;sp:1500;sR:1250;\"\n\t\t\t\t\t\t\t\tdata-frame_999=\"y:10px;o:0;tp:600;e:power4.out;st:w;sp:500;sR:6250;\"\n\t\t\t\t\t\t\t\tdata-frame_hover=\"c:#fff;oX:50;oY:50;sp:150;e:power1.inOut;\"\n\t\t\t\t\t\t\t\tstyle=\"z-index:18;font-family:'Lato';cursor:pointer;\"\n\t\t\t\t\t\t\t>Hospedagem \n\t\t\t\t\t\t\t<\/a><!--\n\n\t\t\t\t\t\t\t--><a\n\t\t\t\t\t\t\t\tid=\"slider-4-slide-9-layer-37\" \n\t\t\t\t\t\t\t\tclass=\"rs-layer ParallaxWebsite-FooterItem rs-pxl-3\"\n\t\t\t\t\t\t\t\thref=\"https:\/\/proparte.com.br\/index.php\/manutencao-de-conteudo\/\" target=\"_blank\" rel=\"noopener\"\n\t\t\t\t\t\t\t\tdata-type=\"text\"\n\t\t\t\t\t\t\t\tdata-color=\"rgba(255, 255, 255, 0.5)\"\n\t\t\t\t\t\t\t\tdata-rsp_ch=\"on\"\n\t\t\t\t\t\t\t\tdata-xy=\"x:c;xo:300px,250px,0,0;yo:233px,233px,671px,669px;\"\n\t\t\t\t\t\t\t\tdata-text=\"w:normal,normal,normal,nowrap;s:16,16,18,18;l:24;\"\n\t\t\t\t\t\t\t\tdata-dim=\"w:260px,230px,400px,320px;\"\n\t\t\t\t\t\t\t\tdata-frame_0=\"y:30px;tp:600;\"\n\t\t\t\t\t\t\t\tdata-frame_1=\"tp:600;e:power4.out;st:1350;sp:1500;sR:1350;\"\n\t\t\t\t\t\t\t\tdata-frame_999=\"y:10px;o:0;tp:600;e:power4.out;st:w;sp:500;sR:6150;\"\n\t\t\t\t\t\t\t\tdata-frame_hover=\"c:#fff;oX:50;oY:50;sp:150;e:power1.inOut;\"\n\t\t\t\t\t\t\t\tstyle=\"z-index:19;font-family:'Lato';cursor:pointer;\"\n\t\t\t\t\t\t\t>Manuten\u00e7\u00e3o de conte\u00fado \n\t\t\t\t\t\t\t<\/a><!--\n\n\t\t\t\t\t\t\t--><a\n\t\t\t\t\t\t\t\tid=\"slider-4-slide-9-layer-38\" \n\t\t\t\t\t\t\t\tclass=\"rs-layer ParallaxWebsite-FooterItem rs-pxl-3\"\n\t\t\t\t\t\t\t\thref=\"https:\/\/proparte.com.br\/index.php\/multimidia\/\" target=\"_blank\" rel=\"noopener\"\n\t\t\t\t\t\t\t\tdata-type=\"text\"\n\t\t\t\t\t\t\t\tdata-color=\"rgba(255, 255, 255, 0.5)\"\n\t\t\t\t\t\t\t\tdata-rsp_ch=\"on\"\n\t\t\t\t\t\t\t\tdata-xy=\"x:c;xo:4px,250px,0,0;yo:261px,263px,701px,699px;\"\n\t\t\t\t\t\t\t\tdata-text=\"w:normal,normal,normal,nowrap;s:16,16,18,18;l:24;\"\n\t\t\t\t\t\t\t\tdata-dim=\"w:260px,230px,400px,320px;\"\n\t\t\t\t\t\t\t\tdata-frame_0=\"y:30px;tp:600;\"\n\t\t\t\t\t\t\t\tdata-frame_1=\"tp:600;e:power4.out;st:1450;sp:1500;sR:1450;\"\n\t\t\t\t\t\t\t\tdata-frame_999=\"y:10px;o:0;tp:600;e:power4.out;st:w;sp:500;sR:6050;\"\n\t\t\t\t\t\t\t\tdata-frame_hover=\"c:#fff;oX:50;oY:50;sp:150;e:power1.inOut;\"\n\t\t\t\t\t\t\t\tstyle=\"z-index:20;font-family:'Lato';cursor:pointer;\"\n\t\t\t\t\t\t\t>Multimidia \n\t\t\t\t\t\t\t<\/a><!--\n\n\t\t\t\t\t\t\t--><a\n\t\t\t\t\t\t\t\tid=\"slider-4-slide-9-layer-39\" \n\t\t\t\t\t\t\t\tclass=\"rs-layer ParallaxWebsite-FooterItem rs-pxl-3\"\n\t\t\t\t\t\t\t\thref=\"https:\/\/proparte.com.br\/index.php\/e-mail-marketing\/\" target=\"_blank\" rel=\"noopener\"\n\t\t\t\t\t\t\t\tdata-type=\"text\"\n\t\t\t\t\t\t\t\tdata-color=\"rgba(255, 255, 255, 0.5)\"\n\t\t\t\t\t\t\t\tdata-rsp_ch=\"on\"\n\t\t\t\t\t\t\t\tdata-xy=\"x:c;xo:3px,250px,0,0;yo:228px,293px,731px,729px;\"\n\t\t\t\t\t\t\t\tdata-text=\"w:normal,normal,normal,nowrap;s:16,16,18,18;l:24;\"\n\t\t\t\t\t\t\t\tdata-dim=\"w:260px,230px,400px,320px;\"\n\t\t\t\t\t\t\t\tdata-frame_0=\"y:30px;tp:600;\"\n\t\t\t\t\t\t\t\tdata-frame_1=\"tp:600;e:power4.out;st:1550;sp:1500;sR:1550;\"\n\t\t\t\t\t\t\t\tdata-frame_999=\"y:10px;o:0;tp:600;e:power4.out;st:w;sp:500;sR:5950;\"\n\t\t\t\t\t\t\t\tdata-frame_hover=\"c:#fff;oX:50;oY:50;sp:150;e:power1.inOut;\"\n\t\t\t\t\t\t\t\tstyle=\"z-index:21;font-family:'Lato';cursor:pointer;\"\n\t\t\t\t\t\t\t>e-mail Marketing \n\t\t\t\t\t\t\t<\/a><!--\n\n\t\t\t\t\t\t\t--><rs-layer\n\t\t\t\t\t\t\t\tid=\"slider-4-slide-9-layer-48\" \n\t\t\t\t\t\t\t\tclass=\"rs-pxl-8\"\n\t\t\t\t\t\t\t\tdata-type=\"image\"\n\t\t\t\t\t\t\t\tdata-rsp_ch=\"on\"\n\t\t\t\t\t\t\t\tdata-xy=\"xo:193px;yo:386px;\"\n\t\t\t\t\t\t\t\tdata-text=\"w:normal;l:22;\"\n\t\t\t\t\t\t\t\tdata-dim=\"w:[&#039;152px&#039;,&#039;152px&#039;,&#039;152px&#039;,&#039;152px&#039;];h:[&#039;38px&#039;,&#039;38px&#039;,&#039;38px&#039;,&#039;38px&#039;];\"\n\t\t\t\t\t\t\t\tdata-frame_0=\"tp:600;\"\n\t\t\t\t\t\t\t\tdata-frame_1=\"tp:600;e:power2.inOut;st:1550;sR:1550;\"\n\t\t\t\t\t\t\t\tdata-frame_999=\"o:0;tp:600;e:power4.out;st:w;sR:7150;\"\n\t\t\t\t\t\t\t\tstyle=\"z-index:22;\"\n\t\t\t\t\t\t\t><img decoding=\"async\" src=\"\/\/proparte.com.br\/wp-content\/plugins\/revslider\/sr6\/assets\/assets\/dummy.png\" alt=\"\" class=\"tp-rs-img rs-lazyload\" width=\"540\" height=\"134\" data-lazyload=\"\/\/proparte.com.br\/wp-content\/uploads\/2016\/06\/copy-proparte1.png\" data-no-retina> \n\t\t\t\t\t\t\t<\/rs-layer><!--\n\n\t\t\t\t\t\t\t--><rs-layer\n\t\t\t\t\t\t\t\tid=\"slider-4-slide-9-layer-49\" \n\t\t\t\t\t\t\t\tclass=\"rs-pxl-9\"\n\t\t\t\t\t\t\t\tdata-type=\"text\"\n\t\t\t\t\t\t\t\tdata-color=\"rgba(166, 206, 57, 1)\"\n\t\t\t\t\t\t\t\tdata-rsp_ch=\"on\"\n\t\t\t\t\t\t\t\tdata-xy=\"xo:578px;yo:378px;\"\n\t\t\t\t\t\t\t\tdata-text=\"l:22;\"\n\t\t\t\t\t\t\t\tdata-frame_0=\"tp:600;\"\n\t\t\t\t\t\t\t\tdata-frame_1=\"tp:600;e:power2.inOut;st:1550;sR:1550;\"\n\t\t\t\t\t\t\t\tdata-frame_999=\"o:0;tp:600;e:power4.out;st:w;sR:7150;\"\n\t\t\t\t\t\t\t\tstyle=\"z-index:23;font-family:'';\"\n\t\t\t\t\t\t\t>Ideias que funcionam com Arte! \n\t\t\t\t\t\t\t<\/rs-layer><!--\n\n\t\t\t\t\t\t\t--><rs-layer\n\t\t\t\t\t\t\t\tid=\"slider-4-slide-9-layer-50\" \n\t\t\t\t\t\t\t\tclass=\"rs-pxl-10\"\n\t\t\t\t\t\t\t\tdata-type=\"text\"\n\t\t\t\t\t\t\t\tdata-color=\"rgba(255, 255, 255, 1)\"\n\t\t\t\t\t\t\t\tdata-rsp_ch=\"on\"\n\t\t\t\t\t\t\t\tdata-xy=\"xo:633px;yo:411px;\"\n\t\t\t\t\t\t\t\tdata-text=\"l:22;\"\n\t\t\t\t\t\t\t\tdata-frame_0=\"tp:600;\"\n\t\t\t\t\t\t\t\tdata-frame_1=\"tp:600;e:power2.inOut;st:1550;sR:1550;\"\n\t\t\t\t\t\t\t\tdata-frame_999=\"o:0;tp:600;e:power4.out;st:w;sR:7150;\"\n\t\t\t\t\t\t\t\tstyle=\"z-index:24;font-family:'';\"\n\t\t\t\t\t\t\t>55 (41) 99183-7562 \n\t\t\t\t\t\t\t<\/rs-layer><!--\n\n\t\t\t\t\t\t\t--><rs-layer\n\t\t\t\t\t\t\t\tid=\"slider-4-slide-9-layer-52\" \n\t\t\t\t\t\t\t\tdata-type=\"image\"\n\t\t\t\t\t\t\t\tdata-rsp_ch=\"on\"\n\t\t\t\t\t\t\t\tdata-xy=\"xo:-95px;yo:-10px;\"\n\t\t\t\t\t\t\t\tdata-text=\"l:22;\"\n\t\t\t\t\t\t\t\tdata-dim=\"w:[&#039;1770px&#039;,&#039;1770px&#039;,&#039;1770px&#039;,&#039;1770px&#039;];h:[&#039;16px&#039;,&#039;16px&#039;,&#039;16px&#039;,&#039;16px&#039;];\"\n\t\t\t\t\t\t\t\tdata-frame_0=\"tp:600;\"\n\t\t\t\t\t\t\t\tdata-frame_1=\"tp:600;e:power2.inOut;st:1550;sR:1550;\"\n\t\t\t\t\t\t\t\tdata-frame_999=\"o:0;tp:600;e:nothing;st:w;sR:7150;\"\n\t\t\t\t\t\t\t\tstyle=\"z-index:25;\"\n\t\t\t\t\t\t\t><img decoding=\"async\" src=\"\/\/proparte.com.br\/wp-content\/plugins\/revslider\/sr6\/assets\/assets\/dummy.png\" alt=\"\" class=\"tp-rs-img rs-lazyload\" width=\"3560\" height=\"34\" data-lazyload=\"\/\/proparte.com.br\/wp-content\/uploads\/2016\/06\/criando.png\" data-no-retina> \n\t\t\t\t\t\t\t<\/rs-layer><!--\n-->\t\t\t\t\t<\/rs-slide>\n\t\t\t\t\t<\/rs-slides>\n\t\t\t\t<\/rs-module>\n\t\t\t\t<script>\n\t\t\t\t\tsetREVStartSize({c: 'footer',rl:[1240,1024,768,480],el:[],gw:[1240,1024,778,480],gh:[600,600,1000,1000],type:'hero',justify:'',layout:'fullwidth',mh:\"0\"});if (window.RS_MODULES!==undefined && window.RS_MODULES.modules!==undefined && window.RS_MODULES.modules[\"footer\"]!==undefined) {window.RS_MODULES.modules[\"footer\"].once = false;window.revapi4 = undefined;if (window.RS_MODULES.checkMinimal!==undefined) window.RS_MODULES.checkMinimal()}\n\t\t\t\t<\/script>\n\t\t\t<\/rs-module-wrap>\n\t\t\t<!-- END REVOLUTION SLIDER -->\n\n\t\t<\/div> \n\t<\/div> <\/div>\n\n","protected":false},"excerpt":{"rendered":"","protected":false},"author":1,"featured_media":0,"parent":0,"menu_order":0,"comment_status":"closed","ping_status":"closed","template":"","meta":{"footnotes":""},"class_list":["post-102","page","type-page","status-publish","hentry"],"_links":{"self":[{"href":"https:\/\/proparte.com.br\/index.php\/wp-json\/wp\/v2\/pages\/102","targetHints":{"allow":["GET"]}}],"collection":[{"href":"https:\/\/proparte.com.br\/index.php\/wp-json\/wp\/v2\/pages"}],"about":[{"href":"https:\/\/proparte.com.br\/index.php\/wp-json\/wp\/v2\/types\/page"}],"author":[{"embeddable":true,"href":"https:\/\/proparte.com.br\/index.php\/wp-json\/wp\/v2\/users\/1"}],"replies":[{"embeddable":true,"href":"https:\/\/proparte.com.br\/index.php\/wp-json\/wp\/v2\/comments?post=102"}],"version-history":[{"count":12,"href":"https:\/\/proparte.com.br\/index.php\/wp-json\/wp\/v2\/pages\/102\/revisions"}],"predecessor-version":[{"id":276,"href":"https:\/\/proparte.com.br\/index.php\/wp-json\/wp\/v2\/pages\/102\/revisions\/276"}],"wp:attachment":[{"href":"https:\/\/proparte.com.br\/index.php\/wp-json\/wp\/v2\/media?parent=102"}],"curies":[{"name":"wp","href":"https:\/\/api.w.org\/{rel}","templated":true}]}}